{"id":230,"date":"2024-03-14T11:46:32","date_gmt":"2024-03-14T11:46:32","guid":{"rendered":"http:\/\/dtast.apanymantel.es\/?page_id=230"},"modified":"2024-03-14T16:51:11","modified_gmt":"2024-03-14T16:51:11","slug":"salado","status":"publish","type":"page","link":"https:\/\/dtastpastisseria.com\/ca\/servicios\/salado\/","title":{"rendered":"Salat"},"content":{"rendered":"<h2 class=\"wp-block-heading alignwide has-text-align-center\">Una reuni\u00f3 a casa oa l'oficina\u2026<\/h2>\n\n\n\n<p class=\"has-text-align-center\" style=\"font-size:clamp(0.901rem, 0.901rem + ((1vw - 0.2rem) * 0.748), 1.35rem);\">A d tast, trobar\u00e0s els canap\u00e8s, mini entrepans, saladets, truites i tot el que necessites perqu\u00e8 sigui tot un \u00e8xit.<\/p>\n\n\n\n<p class=\"has-text-align-center\" style=\"font-size:clamp(0.901rem, 0.901rem + ((1vw - 0.2rem) * 0.748), 1.35rem);\">A m\u00e9s, el pots rebre directament a domicili el dia i hora que ho necessites.<\/p>\n\n\n\n<div class=\"wp-block-buttons is-content-justification-center is-layout-flex wp-container-core-buttons-is-layout-a89b3969 wp-block-buttons-is-layout-flex\">\n<div class=\"wp-block-button has-custom-width wp-block-button__width-50\"><a class=\"wp-block-button__link has-text-align-center wp-element-button\" href=\"http:\/\/botiga.dtastpastisseria.com\/\">ANAR A COMPRAR<\/a><\/div>\n<\/div>\n\n\n\n<figure class=\"wp-block-gallery alignwide has-nested-images columns-default is-cropped wp-block-gallery-1 is-layout-flex wp-block-gallery-is-layout-flex\">\n<figure data-wp-context=\"{&quot;imageId&quot;:&quot;69e0e5718b446&quot;}\" data-wp-interactive=\"core\/image\" data-wp-key=\"69e0e5718b446\" class=\"wp-block-image size-large wp-lightbox-container\"><img data-recalc-dims=\"1\" loading=\"lazy\" decoding=\"async\" width=\"640\" height=\"480\" data-wp-class--hide=\"state.isContentHidden\" data-wp-class--show=\"state.isContentVisible\" data-wp-init=\"callbacks.setButtonStyles\" data-wp-on--click=\"actions.showLightbox\" data-wp-on--load=\"callbacks.setButtonStyles\" data-wp-on-window--resize=\"callbacks.setButtonStyles\" data-id=\"304\" src=\"https:\/\/i0.wp.com\/dtast.apanymantel.es\/wp-content\/uploads\/2024\/03\/CanapesVariats_01_v4.webp?resize=640%2C480\" alt=\"\" class=\"wp-image-304\" srcset=\"https:\/\/i0.wp.com\/dtastpastisseria.com\/wp-content\/uploads\/2024\/03\/CanapesVariats_01_v4.webp?w=640&amp;ssl=1 640w, https:\/\/i0.wp.com\/dtastpastisseria.com\/wp-content\/uploads\/2024\/03\/CanapesVariats_01_v4.webp?resize=300%2C225&amp;ssl=1 300w\" sizes=\"auto, (max-width: 640px) 100vw, 640px\" \/><button\n\t\t\tclass=\"lightbox-trigger\"\n\t\t\ttype=\"button\"\n\t\t\taria-haspopup=\"dialog\"\n\t\t\taria-label=\"Amplia\"\n\t\t\tdata-wp-init=\"callbacks.initTriggerButton\"\n\t\t\tdata-wp-on--click=\"actions.showLightbox\"\n\t\t\tdata-wp-style--right=\"state.imageButtonRight\"\n\t\t\tdata-wp-style--top=\"state.imageButtonTop\"\n\t\t>\n\t\t\t<svg xmlns=\"http:\/\/www.w3.org\/2000\/svg\" width=\"12\" height=\"12\" fill=\"none\" viewbox=\"0 0 12 12\">\n\t\t\t\t<path fill=\"#fff\" d=\"M2 0a2 2 0 0 0-2 2v2h1.5V2a.5.5 0 0 1 .5-.5h2V0H2Zm2 10.5H2a.5.5 0 0 1-.5-.5V8H0v2a2 2 0 0 0 2 2h2v-1.5ZM8 12v-1.5h2a.5.5 0 0 0 .5-.5V8H12v2a2 2 0 0 1-2 2H8Zm2-12a2 2 0 0 1 2 2v2h-1.5V2a.5.5 0 0 0-.5-.5H8V0h2Z\" \/>\n\t\t\t<\/svg>\n\t\t<\/button><\/figure>\n\n\n\n<figure data-wp-context=\"{&quot;imageId&quot;:&quot;69e0e5718b8c4&quot;}\" data-wp-interactive=\"core\/image\" data-wp-key=\"69e0e5718b8c4\" class=\"wp-block-image size-large wp-lightbox-container\"><img data-recalc-dims=\"1\" loading=\"lazy\" decoding=\"async\" width=\"640\" height=\"480\" data-wp-class--hide=\"state.isContentHidden\" data-wp-class--show=\"state.isContentVisible\" data-wp-init=\"callbacks.setButtonStyles\" data-wp-on--click=\"actions.showLightbox\" data-wp-on--load=\"callbacks.setButtonStyles\" data-wp-on-window--resize=\"callbacks.setButtonStyles\" data-id=\"305\" src=\"https:\/\/i0.wp.com\/dtast.apanymantel.es\/wp-content\/uploads\/2024\/03\/MiniMontaditos_01_v4.webp?resize=640%2C480\" alt=\"\" class=\"wp-image-305\" srcset=\"https:\/\/i0.wp.com\/dtastpastisseria.com\/wp-content\/uploads\/2024\/03\/MiniMontaditos_01_v4.webp?w=640&amp;ssl=1 640w, https:\/\/i0.wp.com\/dtastpastisseria.com\/wp-content\/uploads\/2024\/03\/MiniMontaditos_01_v4.webp?resize=300%2C225&amp;ssl=1 300w\" sizes=\"auto, (max-width: 640px) 100vw, 640px\" \/><button\n\t\t\tclass=\"lightbox-trigger\"\n\t\t\ttype=\"button\"\n\t\t\taria-haspopup=\"dialog\"\n\t\t\taria-label=\"Amplia\"\n\t\t\tdata-wp-init=\"callbacks.initTriggerButton\"\n\t\t\tdata-wp-on--click=\"actions.showLightbox\"\n\t\t\tdata-wp-style--right=\"state.imageButtonRight\"\n\t\t\tdata-wp-style--top=\"state.imageButtonTop\"\n\t\t>\n\t\t\t<svg xmlns=\"http:\/\/www.w3.org\/2000\/svg\" width=\"12\" height=\"12\" fill=\"none\" viewbox=\"0 0 12 12\">\n\t\t\t\t<path fill=\"#fff\" d=\"M2 0a2 2 0 0 0-2 2v2h1.5V2a.5.5 0 0 1 .5-.5h2V0H2Zm2 10.5H2a.5.5 0 0 1-.5-.5V8H0v2a2 2 0 0 0 2 2h2v-1.5ZM8 12v-1.5h2a.5.5 0 0 0 .5-.5V8H12v2a2 2 0 0 1-2 2H8Zm2-12a2 2 0 0 1 2 2v2h-1.5V2a.5.5 0 0 0-.5-.5H8V0h2Z\" \/>\n\t\t\t<\/svg>\n\t\t<\/button><\/figure>\n\n\n\n<figure data-wp-context=\"{&quot;imageId&quot;:&quot;69e0e5718bcbe&quot;}\" data-wp-interactive=\"core\/image\" data-wp-key=\"69e0e5718bcbe\" class=\"wp-block-image size-large wp-lightbox-container\"><img data-recalc-dims=\"1\" loading=\"lazy\" decoding=\"async\" width=\"640\" height=\"480\" data-wp-class--hide=\"state.isContentHidden\" data-wp-class--show=\"state.isContentVisible\" data-wp-init=\"callbacks.setButtonStyles\" data-wp-on--click=\"actions.showLightbox\" data-wp-on--load=\"callbacks.setButtonStyles\" data-wp-on-window--resize=\"callbacks.setButtonStyles\" data-id=\"306\" src=\"https:\/\/i0.wp.com\/dtast.apanymantel.es\/wp-content\/uploads\/2024\/03\/SafataGourmet_02e_v4.webp?resize=640%2C480\" alt=\"\" class=\"wp-image-306\" srcset=\"https:\/\/i0.wp.com\/dtastpastisseria.com\/wp-content\/uploads\/2024\/03\/SafataGourmet_02e_v4.webp?w=640&amp;ssl=1 640w, https:\/\/i0.wp.com\/dtastpastisseria.com\/wp-content\/uploads\/2024\/03\/SafataGourmet_02e_v4.webp?resize=300%2C225&amp;ssl=1 300w\" sizes=\"auto, (max-width: 640px) 100vw, 640px\" \/><button\n\t\t\tclass=\"lightbox-trigger\"\n\t\t\ttype=\"button\"\n\t\t\taria-haspopup=\"dialog\"\n\t\t\taria-label=\"Amplia\"\n\t\t\tdata-wp-init=\"callbacks.initTriggerButton\"\n\t\t\tdata-wp-on--click=\"actions.showLightbox\"\n\t\t\tdata-wp-style--right=\"state.imageButtonRight\"\n\t\t\tdata-wp-style--top=\"state.imageButtonTop\"\n\t\t>\n\t\t\t<svg xmlns=\"http:\/\/www.w3.org\/2000\/svg\" width=\"12\" height=\"12\" fill=\"none\" viewbox=\"0 0 12 12\">\n\t\t\t\t<path fill=\"#fff\" d=\"M2 0a2 2 0 0 0-2 2v2h1.5V2a.5.5 0 0 1 .5-.5h2V0H2Zm2 10.5H2a.5.5 0 0 1-.5-.5V8H0v2a2 2 0 0 0 2 2h2v-1.5ZM8 12v-1.5h2a.5.5 0 0 0 .5-.5V8H12v2a2 2 0 0 1-2 2H8Zm2-12a2 2 0 0 1 2 2v2h-1.5V2a.5.5 0 0 0-.5-.5H8V0h2Z\" \/>\n\t\t\t<\/svg>\n\t\t<\/button><\/figure>\n\n\n\n<figure data-wp-context=\"{&quot;imageId&quot;:&quot;69e0e5718c0ab&quot;}\" data-wp-interactive=\"core\/image\" data-wp-key=\"69e0e5718c0ab\" class=\"wp-block-image size-large wp-lightbox-container\"><img data-recalc-dims=\"1\" loading=\"lazy\" decoding=\"async\" width=\"640\" height=\"480\" data-wp-class--hide=\"state.isContentHidden\" data-wp-class--show=\"state.isContentVisible\" data-wp-init=\"callbacks.setButtonStyles\" data-wp-on--click=\"actions.showLightbox\" data-wp-on--load=\"callbacks.setButtonStyles\" data-wp-on-window--resize=\"callbacks.setButtonStyles\" data-id=\"295\" src=\"https:\/\/i0.wp.com\/dtast.apanymantel.es\/wp-content\/uploads\/2024\/03\/SafataGourmet_01_v4.webp?resize=640%2C480\" alt=\"\" class=\"wp-image-295\" srcset=\"https:\/\/i0.wp.com\/dtastpastisseria.com\/wp-content\/uploads\/2024\/03\/SafataGourmet_01_v4.webp?w=640&amp;ssl=1 640w, https:\/\/i0.wp.com\/dtastpastisseria.com\/wp-content\/uploads\/2024\/03\/SafataGourmet_01_v4.webp?resize=300%2C225&amp;ssl=1 300w\" sizes=\"auto, (max-width: 640px) 100vw, 640px\" \/><button\n\t\t\tclass=\"lightbox-trigger\"\n\t\t\ttype=\"button\"\n\t\t\taria-haspopup=\"dialog\"\n\t\t\taria-label=\"Amplia\"\n\t\t\tdata-wp-init=\"callbacks.initTriggerButton\"\n\t\t\tdata-wp-on--click=\"actions.showLightbox\"\n\t\t\tdata-wp-style--right=\"state.imageButtonRight\"\n\t\t\tdata-wp-style--top=\"state.imageButtonTop\"\n\t\t>\n\t\t\t<svg xmlns=\"http:\/\/www.w3.org\/2000\/svg\" width=\"12\" height=\"12\" fill=\"none\" viewbox=\"0 0 12 12\">\n\t\t\t\t<path fill=\"#fff\" d=\"M2 0a2 2 0 0 0-2 2v2h1.5V2a.5.5 0 0 1 .5-.5h2V0H2Zm2 10.5H2a.5.5 0 0 1-.5-.5V8H0v2a2 2 0 0 0 2 2h2v-1.5ZM8 12v-1.5h2a.5.5 0 0 0 .5-.5V8H12v2a2 2 0 0 1-2 2H8Zm2-12a2 2 0 0 1 2 2v2h-1.5V2a.5.5 0 0 0-.5-.5H8V0h2Z\" \/>\n\t\t\t<\/svg>\n\t\t<\/button><\/figure>\n\n\n\n<figure data-wp-context=\"{&quot;imageId&quot;:&quot;69e0e5718c47b&quot;}\" data-wp-interactive=\"core\/image\" data-wp-key=\"69e0e5718c47b\" class=\"wp-block-image size-large wp-lightbox-container\"><img data-recalc-dims=\"1\" loading=\"lazy\" decoding=\"async\" width=\"640\" height=\"480\" data-wp-class--hide=\"state.isContentHidden\" data-wp-class--show=\"state.isContentVisible\" data-wp-init=\"callbacks.setButtonStyles\" data-wp-on--click=\"actions.showLightbox\" data-wp-on--load=\"callbacks.setButtonStyles\" data-wp-on-window--resize=\"callbacks.setButtonStyles\" data-id=\"296\" src=\"https:\/\/i0.wp.com\/dtast.apanymantel.es\/wp-content\/uploads\/2024\/03\/SafataGourmet_02d_v4.webp?resize=640%2C480\" alt=\"\" class=\"wp-image-296\" srcset=\"https:\/\/i0.wp.com\/dtastpastisseria.com\/wp-content\/uploads\/2024\/03\/SafataGourmet_02d_v4.webp?w=640&amp;ssl=1 640w, https:\/\/i0.wp.com\/dtastpastisseria.com\/wp-content\/uploads\/2024\/03\/SafataGourmet_02d_v4.webp?resize=300%2C225&amp;ssl=1 300w\" sizes=\"auto, (max-width: 640px) 100vw, 640px\" \/><button\n\t\t\tclass=\"lightbox-trigger\"\n\t\t\ttype=\"button\"\n\t\t\taria-haspopup=\"dialog\"\n\t\t\taria-label=\"Amplia\"\n\t\t\tdata-wp-init=\"callbacks.initTriggerButton\"\n\t\t\tdata-wp-on--click=\"actions.showLightbox\"\n\t\t\tdata-wp-style--right=\"state.imageButtonRight\"\n\t\t\tdata-wp-style--top=\"state.imageButtonTop\"\n\t\t>\n\t\t\t<svg xmlns=\"http:\/\/www.w3.org\/2000\/svg\" width=\"12\" height=\"12\" fill=\"none\" viewbox=\"0 0 12 12\">\n\t\t\t\t<path fill=\"#fff\" d=\"M2 0a2 2 0 0 0-2 2v2h1.5V2a.5.5 0 0 1 .5-.5h2V0H2Zm2 10.5H2a.5.5 0 0 1-.5-.5V8H0v2a2 2 0 0 0 2 2h2v-1.5ZM8 12v-1.5h2a.5.5 0 0 0 .5-.5V8H12v2a2 2 0 0 1-2 2H8Zm2-12a2 2 0 0 1 2 2v2h-1.5V2a.5.5 0 0 0-.5-.5H8V0h2Z\" \/>\n\t\t\t<\/svg>\n\t\t<\/button><\/figure>\n\n\n\n<figure data-wp-context=\"{&quot;imageId&quot;:&quot;69e0e5718c81b&quot;}\" data-wp-interactive=\"core\/image\" data-wp-key=\"69e0e5718c81b\" class=\"wp-block-image size-large wp-lightbox-container\"><img data-recalc-dims=\"1\" loading=\"lazy\" decoding=\"async\" width=\"640\" height=\"480\" data-wp-class--hide=\"state.isContentHidden\" data-wp-class--show=\"state.isContentVisible\" data-wp-init=\"callbacks.setButtonStyles\" data-wp-on--click=\"actions.showLightbox\" data-wp-on--load=\"callbacks.setButtonStyles\" data-wp-on-window--resize=\"callbacks.setButtonStyles\" data-id=\"297\" src=\"https:\/\/i0.wp.com\/dtast.apanymantel.es\/wp-content\/uploads\/2024\/03\/SafataGourmet_03_v4.webp?resize=640%2C480\" alt=\"\" class=\"wp-image-297\" srcset=\"https:\/\/i0.wp.com\/dtastpastisseria.com\/wp-content\/uploads\/2024\/03\/SafataGourmet_03_v4.webp?w=640&amp;ssl=1 640w, https:\/\/i0.wp.com\/dtastpastisseria.com\/wp-content\/uploads\/2024\/03\/SafataGourmet_03_v4.webp?resize=300%2C225&amp;ssl=1 300w\" sizes=\"auto, (max-width: 640px) 100vw, 640px\" \/><button\n\t\t\tclass=\"lightbox-trigger\"\n\t\t\ttype=\"button\"\n\t\t\taria-haspopup=\"dialog\"\n\t\t\taria-label=\"Amplia\"\n\t\t\tdata-wp-init=\"callbacks.initTriggerButton\"\n\t\t\tdata-wp-on--click=\"actions.showLightbox\"\n\t\t\tdata-wp-style--right=\"state.imageButtonRight\"\n\t\t\tdata-wp-style--top=\"state.imageButtonTop\"\n\t\t>\n\t\t\t<svg xmlns=\"http:\/\/www.w3.org\/2000\/svg\" width=\"12\" height=\"12\" fill=\"none\" viewbox=\"0 0 12 12\">\n\t\t\t\t<path fill=\"#fff\" d=\"M2 0a2 2 0 0 0-2 2v2h1.5V2a.5.5 0 0 1 .5-.5h2V0H2Zm2 10.5H2a.5.5 0 0 1-.5-.5V8H0v2a2 2 0 0 0 2 2h2v-1.5ZM8 12v-1.5h2a.5.5 0 0 0 .5-.5V8H12v2a2 2 0 0 1-2 2H8Zm2-12a2 2 0 0 1 2 2v2h-1.5V2a.5.5 0 0 0-.5-.5H8V0h2Z\" \/>\n\t\t\t<\/svg>\n\t\t<\/button><\/figure>\n\n\n\n<figure data-wp-context=\"{&quot;imageId&quot;:&quot;69e0e5718cbd2&quot;}\" data-wp-interactive=\"core\/image\" data-wp-key=\"69e0e5718cbd2\" class=\"wp-block-image size-large wp-lightbox-container\"><img data-recalc-dims=\"1\" loading=\"lazy\" decoding=\"async\" width=\"640\" height=\"480\" data-wp-class--hide=\"state.isContentHidden\" data-wp-class--show=\"state.isContentVisible\" data-wp-init=\"callbacks.setButtonStyles\" data-wp-on--click=\"actions.showLightbox\" data-wp-on--load=\"callbacks.setButtonStyles\" data-wp-on-window--resize=\"callbacks.setButtonStyles\" data-id=\"298\" src=\"https:\/\/i0.wp.com\/dtast.apanymantel.es\/wp-content\/uploads\/2024\/03\/SafataGourmet_02b_v4.webp?resize=640%2C480\" alt=\"\" class=\"wp-image-298\" srcset=\"https:\/\/i0.wp.com\/dtastpastisseria.com\/wp-content\/uploads\/2024\/03\/SafataGourmet_02b_v4.webp?w=640&amp;ssl=1 640w, https:\/\/i0.wp.com\/dtastpastisseria.com\/wp-content\/uploads\/2024\/03\/SafataGourmet_02b_v4.webp?resize=300%2C225&amp;ssl=1 300w\" sizes=\"auto, (max-width: 640px) 100vw, 640px\" \/><button\n\t\t\tclass=\"lightbox-trigger\"\n\t\t\ttype=\"button\"\n\t\t\taria-haspopup=\"dialog\"\n\t\t\taria-label=\"Amplia\"\n\t\t\tdata-wp-init=\"callbacks.initTriggerButton\"\n\t\t\tdata-wp-on--click=\"actions.showLightbox\"\n\t\t\tdata-wp-style--right=\"state.imageButtonRight\"\n\t\t\tdata-wp-style--top=\"state.imageButtonTop\"\n\t\t>\n\t\t\t<svg xmlns=\"http:\/\/www.w3.org\/2000\/svg\" width=\"12\" height=\"12\" fill=\"none\" viewbox=\"0 0 12 12\">\n\t\t\t\t<path fill=\"#fff\" d=\"M2 0a2 2 0 0 0-2 2v2h1.5V2a.5.5 0 0 1 .5-.5h2V0H2Zm2 10.5H2a.5.5 0 0 1-.5-.5V8H0v2a2 2 0 0 0 2 2h2v-1.5ZM8 12v-1.5h2a.5.5 0 0 0 .5-.5V8H12v2a2 2 0 0 1-2 2H8Zm2-12a2 2 0 0 1 2 2v2h-1.5V2a.5.5 0 0 0-.5-.5H8V0h2Z\" \/>\n\t\t\t<\/svg>\n\t\t<\/button><\/figure>\n\n\n\n<figure data-wp-context=\"{&quot;imageId&quot;:&quot;69e0e5718cf9f&quot;}\" data-wp-interactive=\"core\/image\" data-wp-key=\"69e0e5718cf9f\" class=\"wp-block-image size-large wp-lightbox-container\"><img data-recalc-dims=\"1\" loading=\"lazy\" decoding=\"async\" width=\"640\" height=\"480\" data-wp-class--hide=\"state.isContentHidden\" data-wp-class--show=\"state.isContentVisible\" data-wp-init=\"callbacks.setButtonStyles\" data-wp-on--click=\"actions.showLightbox\" data-wp-on--load=\"callbacks.setButtonStyles\" data-wp-on-window--resize=\"callbacks.setButtonStyles\" data-id=\"299\" src=\"https:\/\/i0.wp.com\/dtast.apanymantel.es\/wp-content\/uploads\/2024\/03\/MiniEntrepans_01_v4.webp?resize=640%2C480\" alt=\"\" class=\"wp-image-299\" srcset=\"https:\/\/i0.wp.com\/dtastpastisseria.com\/wp-content\/uploads\/2024\/03\/MiniEntrepans_01_v4.webp?w=640&amp;ssl=1 640w, https:\/\/i0.wp.com\/dtastpastisseria.com\/wp-content\/uploads\/2024\/03\/MiniEntrepans_01_v4.webp?resize=300%2C225&amp;ssl=1 300w\" sizes=\"auto, (max-width: 640px) 100vw, 640px\" \/><button\n\t\t\tclass=\"lightbox-trigger\"\n\t\t\ttype=\"button\"\n\t\t\taria-haspopup=\"dialog\"\n\t\t\taria-label=\"Amplia\"\n\t\t\tdata-wp-init=\"callbacks.initTriggerButton\"\n\t\t\tdata-wp-on--click=\"actions.showLightbox\"\n\t\t\tdata-wp-style--right=\"state.imageButtonRight\"\n\t\t\tdata-wp-style--top=\"state.imageButtonTop\"\n\t\t>\n\t\t\t<svg xmlns=\"http:\/\/www.w3.org\/2000\/svg\" width=\"12\" height=\"12\" fill=\"none\" viewbox=\"0 0 12 12\">\n\t\t\t\t<path fill=\"#fff\" d=\"M2 0a2 2 0 0 0-2 2v2h1.5V2a.5.5 0 0 1 .5-.5h2V0H2Zm2 10.5H2a.5.5 0 0 1-.5-.5V8H0v2a2 2 0 0 0 2 2h2v-1.5ZM8 12v-1.5h2a.5.5 0 0 0 .5-.5V8H12v2a2 2 0 0 1-2 2H8Zm2-12a2 2 0 0 1 2 2v2h-1.5V2a.5.5 0 0 0-.5-.5H8V0h2Z\" \/>\n\t\t\t<\/svg>\n\t\t<\/button><\/figure>\n\n\n\n<figure data-wp-context=\"{&quot;imageId&quot;:&quot;69e0e5718d3a1&quot;}\" data-wp-interactive=\"core\/image\" data-wp-key=\"69e0e5718d3a1\" class=\"wp-block-image size-large wp-lightbox-container\"><img data-recalc-dims=\"1\" loading=\"lazy\" decoding=\"async\" width=\"640\" height=\"480\" data-wp-class--hide=\"state.isContentHidden\" data-wp-class--show=\"state.isContentVisible\" data-wp-init=\"callbacks.setButtonStyles\" data-wp-on--click=\"actions.showLightbox\" data-wp-on--load=\"callbacks.setButtonStyles\" data-wp-on-window--resize=\"callbacks.setButtonStyles\" data-id=\"300\" src=\"https:\/\/i0.wp.com\/dtast.apanymantel.es\/wp-content\/uploads\/2024\/03\/SafataGourmet_02a_v4.webp?resize=640%2C480\" alt=\"\" class=\"wp-image-300\" srcset=\"https:\/\/i0.wp.com\/dtastpastisseria.com\/wp-content\/uploads\/2024\/03\/SafataGourmet_02a_v4.webp?w=640&amp;ssl=1 640w, https:\/\/i0.wp.com\/dtastpastisseria.com\/wp-content\/uploads\/2024\/03\/SafataGourmet_02a_v4.webp?resize=300%2C225&amp;ssl=1 300w\" sizes=\"auto, (max-width: 640px) 100vw, 640px\" \/><button\n\t\t\tclass=\"lightbox-trigger\"\n\t\t\ttype=\"button\"\n\t\t\taria-haspopup=\"dialog\"\n\t\t\taria-label=\"Amplia\"\n\t\t\tdata-wp-init=\"callbacks.initTriggerButton\"\n\t\t\tdata-wp-on--click=\"actions.showLightbox\"\n\t\t\tdata-wp-style--right=\"state.imageButtonRight\"\n\t\t\tdata-wp-style--top=\"state.imageButtonTop\"\n\t\t>\n\t\t\t<svg xmlns=\"http:\/\/www.w3.org\/2000\/svg\" width=\"12\" height=\"12\" fill=\"none\" viewbox=\"0 0 12 12\">\n\t\t\t\t<path fill=\"#fff\" d=\"M2 0a2 2 0 0 0-2 2v2h1.5V2a.5.5 0 0 1 .5-.5h2V0H2Zm2 10.5H2a.5.5 0 0 1-.5-.5V8H0v2a2 2 0 0 0 2 2h2v-1.5ZM8 12v-1.5h2a.5.5 0 0 0 .5-.5V8H12v2a2 2 0 0 1-2 2H8Zm2-12a2 2 0 0 1 2 2v2h-1.5V2a.5.5 0 0 0-.5-.5H8V0h2Z\" \/>\n\t\t\t<\/svg>\n\t\t<\/button><\/figure>\n\n\n\n<figure data-wp-context=\"{&quot;imageId&quot;:&quot;69e0e5718d776&quot;}\" data-wp-interactive=\"core\/image\" data-wp-key=\"69e0e5718d776\" class=\"wp-block-image size-large wp-lightbox-container\"><img data-recalc-dims=\"1\" loading=\"lazy\" decoding=\"async\" width=\"640\" height=\"480\" data-wp-class--hide=\"state.isContentHidden\" data-wp-class--show=\"state.isContentVisible\" data-wp-init=\"callbacks.setButtonStyles\" data-wp-on--click=\"actions.showLightbox\" data-wp-on--load=\"callbacks.setButtonStyles\" data-wp-on-window--resize=\"callbacks.setButtonStyles\" data-id=\"301\" src=\"https:\/\/i0.wp.com\/dtast.apanymantel.es\/wp-content\/uploads\/2024\/03\/SafataGourmet_02c_v4.webp?resize=640%2C480\" alt=\"\" class=\"wp-image-301\" srcset=\"https:\/\/i0.wp.com\/dtastpastisseria.com\/wp-content\/uploads\/2024\/03\/SafataGourmet_02c_v4.webp?w=640&amp;ssl=1 640w, https:\/\/i0.wp.com\/dtastpastisseria.com\/wp-content\/uploads\/2024\/03\/SafataGourmet_02c_v4.webp?resize=300%2C225&amp;ssl=1 300w\" sizes=\"auto, (max-width: 640px) 100vw, 640px\" \/><button\n\t\t\tclass=\"lightbox-trigger\"\n\t\t\ttype=\"button\"\n\t\t\taria-haspopup=\"dialog\"\n\t\t\taria-label=\"Amplia\"\n\t\t\tdata-wp-init=\"callbacks.initTriggerButton\"\n\t\t\tdata-wp-on--click=\"actions.showLightbox\"\n\t\t\tdata-wp-style--right=\"state.imageButtonRight\"\n\t\t\tdata-wp-style--top=\"state.imageButtonTop\"\n\t\t>\n\t\t\t<svg xmlns=\"http:\/\/www.w3.org\/2000\/svg\" width=\"12\" height=\"12\" fill=\"none\" viewbox=\"0 0 12 12\">\n\t\t\t\t<path fill=\"#fff\" d=\"M2 0a2 2 0 0 0-2 2v2h1.5V2a.5.5 0 0 1 .5-.5h2V0H2Zm2 10.5H2a.5.5 0 0 1-.5-.5V8H0v2a2 2 0 0 0 2 2h2v-1.5ZM8 12v-1.5h2a.5.5 0 0 0 .5-.5V8H12v2a2 2 0 0 1-2 2H8Zm2-12a2 2 0 0 1 2 2v2h-1.5V2a.5.5 0 0 0-.5-.5H8V0h2Z\" \/>\n\t\t\t<\/svg>\n\t\t<\/button><\/figure>\n\n\n\n<figure data-wp-context=\"{&quot;imageId&quot;:&quot;69e0e5718db22&quot;}\" data-wp-interactive=\"core\/image\" data-wp-key=\"69e0e5718db22\" class=\"wp-block-image size-large wp-lightbox-container\"><img data-recalc-dims=\"1\" loading=\"lazy\" decoding=\"async\" width=\"640\" height=\"480\" data-wp-class--hide=\"state.isContentHidden\" data-wp-class--show=\"state.isContentVisible\" data-wp-init=\"callbacks.setButtonStyles\" data-wp-on--click=\"actions.showLightbox\" data-wp-on--load=\"callbacks.setButtonStyles\" data-wp-on-window--resize=\"callbacks.setButtonStyles\" data-id=\"302\" src=\"https:\/\/i0.wp.com\/dtast.apanymantel.es\/wp-content\/uploads\/2024\/03\/MiniMontaditos_02_v4.webp?resize=640%2C480\" alt=\"\" class=\"wp-image-302\" srcset=\"https:\/\/i0.wp.com\/dtastpastisseria.com\/wp-content\/uploads\/2024\/03\/MiniMontaditos_02_v4.webp?w=640&amp;ssl=1 640w, https:\/\/i0.wp.com\/dtastpastisseria.com\/wp-content\/uploads\/2024\/03\/MiniMontaditos_02_v4.webp?resize=300%2C225&amp;ssl=1 300w\" sizes=\"auto, (max-width: 640px) 100vw, 640px\" \/><button\n\t\t\tclass=\"lightbox-trigger\"\n\t\t\ttype=\"button\"\n\t\t\taria-haspopup=\"dialog\"\n\t\t\taria-label=\"Amplia\"\n\t\t\tdata-wp-init=\"callbacks.initTriggerButton\"\n\t\t\tdata-wp-on--click=\"actions.showLightbox\"\n\t\t\tdata-wp-style--right=\"state.imageButtonRight\"\n\t\t\tdata-wp-style--top=\"state.imageButtonTop\"\n\t\t>\n\t\t\t<svg xmlns=\"http:\/\/www.w3.org\/2000\/svg\" width=\"12\" height=\"12\" fill=\"none\" viewbox=\"0 0 12 12\">\n\t\t\t\t<path fill=\"#fff\" d=\"M2 0a2 2 0 0 0-2 2v2h1.5V2a.5.5 0 0 1 .5-.5h2V0H2Zm2 10.5H2a.5.5 0 0 1-.5-.5V8H0v2a2 2 0 0 0 2 2h2v-1.5ZM8 12v-1.5h2a.5.5 0 0 0 .5-.5V8H12v2a2 2 0 0 1-2 2H8Zm2-12a2 2 0 0 1 2 2v2h-1.5V2a.5.5 0 0 0-.5-.5H8V0h2Z\" \/>\n\t\t\t<\/svg>\n\t\t<\/button><\/figure>\n\n\n\n<figure data-wp-context=\"{&quot;imageId&quot;:&quot;69e0e5718deae&quot;}\" data-wp-interactive=\"core\/image\" data-wp-key=\"69e0e5718deae\" class=\"wp-block-image size-large wp-lightbox-container\"><img data-recalc-dims=\"1\" loading=\"lazy\" decoding=\"async\" width=\"640\" height=\"480\" data-wp-class--hide=\"state.isContentHidden\" data-wp-class--show=\"state.isContentVisible\" data-wp-init=\"callbacks.setButtonStyles\" data-wp-on--click=\"actions.showLightbox\" data-wp-on--load=\"callbacks.setButtonStyles\" data-wp-on-window--resize=\"callbacks.setButtonStyles\" data-id=\"303\" src=\"https:\/\/i0.wp.com\/dtast.apanymantel.es\/wp-content\/uploads\/2024\/03\/MiniEntrepans_02_v4.webp?resize=640%2C480\" alt=\"\" class=\"wp-image-303\" srcset=\"https:\/\/i0.wp.com\/dtastpastisseria.com\/wp-content\/uploads\/2024\/03\/MiniEntrepans_02_v4.webp?w=640&amp;ssl=1 640w, https:\/\/i0.wp.com\/dtastpastisseria.com\/wp-content\/uploads\/2024\/03\/MiniEntrepans_02_v4.webp?resize=300%2C225&amp;ssl=1 300w\" sizes=\"auto, (max-width: 640px) 100vw, 640px\" \/><button\n\t\t\tclass=\"lightbox-trigger\"\n\t\t\ttype=\"button\"\n\t\t\taria-haspopup=\"dialog\"\n\t\t\taria-label=\"Amplia\"\n\t\t\tdata-wp-init=\"callbacks.initTriggerButton\"\n\t\t\tdata-wp-on--click=\"actions.showLightbox\"\n\t\t\tdata-wp-style--right=\"state.imageButtonRight\"\n\t\t\tdata-wp-style--top=\"state.imageButtonTop\"\n\t\t>\n\t\t\t<svg xmlns=\"http:\/\/www.w3.org\/2000\/svg\" width=\"12\" height=\"12\" fill=\"none\" viewbox=\"0 0 12 12\">\n\t\t\t\t<path fill=\"#fff\" d=\"M2 0a2 2 0 0 0-2 2v2h1.5V2a.5.5 0 0 1 .5-.5h2V0H2Zm2 10.5H2a.5.5 0 0 1-.5-.5V8H0v2a2 2 0 0 0 2 2h2v-1.5ZM8 12v-1.5h2a.5.5 0 0 0 .5-.5V8H12v2a2 2 0 0 1-2 2H8Zm2-12a2 2 0 0 1 2 2v2h-1.5V2a.5.5 0 0 0-.5-.5H8V0h2Z\" \/>\n\t\t\t<\/svg>\n\t\t<\/button><\/figure>\n<\/figure>","protected":false},"excerpt":{"rendered":"<p>Una reuni\u00f3n en casa o en la oficina&#8230; En d tast, encontrar\u00e1s los canap\u00e9s, mini bocadillos, saladitos, tortillas y todo lo que necesitas para que sea todo un \u00e9xito. Adem\u00e1s lo puedes recibir directamente a domicilio el d\u00eda y hora que lo necesitas.<\/p>","protected":false},"author":1,"featured_media":0,"parent":241,"menu_order":2,"comment_status":"closed","ping_status":"closed","template":"","meta":{"footnotes":""},"class_list":["post-230","page","type-page","status-publish","hentry"],"jetpack_sharing_enabled":true,"_links":{"self":[{"href":"https:\/\/dtastpastisseria.com\/ca\/wp-json\/wp\/v2\/pages\/230","targetHints":{"allow":["GET"]}}],"collection":[{"href":"https:\/\/dtastpastisseria.com\/ca\/wp-json\/wp\/v2\/pages"}],"about":[{"href":"https:\/\/dtastpastisseria.com\/ca\/wp-json\/wp\/v2\/types\/page"}],"author":[{"embeddable":true,"href":"https:\/\/dtastpastisseria.com\/ca\/wp-json\/wp\/v2\/users\/1"}],"replies":[{"embeddable":true,"href":"https:\/\/dtastpastisseria.com\/ca\/wp-json\/wp\/v2\/comments?post=230"}],"version-history":[{"count":6,"href":"https:\/\/dtastpastisseria.com\/ca\/wp-json\/wp\/v2\/pages\/230\/revisions"}],"predecessor-version":[{"id":329,"href":"https:\/\/dtastpastisseria.com\/ca\/wp-json\/wp\/v2\/pages\/230\/revisions\/329"}],"up":[{"embeddable":true,"href":"https:\/\/dtastpastisseria.com\/ca\/wp-json\/wp\/v2\/pages\/241"}],"wp:attachment":[{"href":"https:\/\/dtastpastisseria.com\/ca\/wp-json\/wp\/v2\/media?parent=230"}],"curies":[{"name":"wp","href":"https:\/\/api.w.org\/{rel}","templated":true}]}}