{"id":35,"date":"2024-03-12T13:42:50","date_gmt":"2024-03-12T13:42:50","guid":{"rendered":"http:\/\/dtast.apanymantel.es\/?page_id=35"},"modified":"2024-03-15T13:14:23","modified_gmt":"2024-03-15T13:14:23","slug":"terminos-y-condiciones","status":"publish","type":"page","link":"https:\/\/dtastpastisseria.com\/ca\/terminos-y-condiciones\/","title":{"rendered":"Termes i condicions"},"content":{"rendered":"<h2 class=\"wp-block-heading\">Informaci\u00f3 rellevant<\/h2>\n\n\n\n<p>\u00c9s requisit necessari per a l\u2019adquisici\u00f3 dels productes que s\u2019ofereixen en aquest lloc, que llegeixi i accepti els seg\u00fcents Termes i Condicions que es detallen. L\u2019\u00fas dels nostres serveis aix\u00ed com la compra dels nostres productes implica que vost\u00e8 ha llegit i acceptat els Termes i Condicions del present document. Tots els productes que s\u2019ofereixen en el nostre lloc web poden ser creats, cobrats, enviats o presentats per un lloc web de tercers i, en tal cas, estarien subjectes als seus propis termes i condicions. En alguns casos, per adquirir un producte, ser\u00e0 necessari el registre per part de l\u2019usuari, amb ingr\u00e9s de les seves dades personals i definici\u00f3 d\u2019una paraula de pas.<\/p>\n\n\n\n<p>L\u2019usuari pot escollir i canviar la clau per al seu acc\u00e9s d\u2019administraci\u00f3 del compte en qualsevol moment, en cas que s\u2019hagi enregistrat i sigui necessari per a la compra d\u2019algun dels nostres productes. Nosaltres no n\u2019assumim la responsabilitat en el cas que l\u2019usuari informi a tercers de la seva clau d\u2019acc\u00e9s.<\/p>\n\n\n\n<p>Totes les compres i transaccions que es duguin a terme mitjan\u00e7ant aquest lloc web, estan subjectes a un proc\u00e9s de confirmaci\u00f3 i verificaci\u00f3, el qual pot incloure la verificaci\u00f3 de l\u2019estoc i disponibilitat del producte, validaci\u00f3 de la forma de pagament, validaci\u00f3 de la factura (en cas que existeixi) i el compliment de les condicions requerides per la forma de pagament seleccionada. En alguns casos es podr\u00e0 requerir una verificaci\u00f3 mitjan\u00e7ant un correu electr\u00f2nic.<\/p>\n\n\n\n<p>Els preus dels productes oferts en aquesta botiga online s\u00f3n v\u00e0lids nom\u00e9s en les compres realitzades en aquest lloc web.<\/p>\n\n\n\n<h2 class=\"wp-block-heading\">Llic\u00e8ncia<\/h2>\n\n\n\n<p>Mitjan\u00e7ant aquest web, es concedeix llic\u00e8ncia per a que els usuaris utilitzin els productes que s\u2019hi venen d\u2019acord amb els Termes i Condicions que es descriuen en aquest document.<\/p>\n\n\n\n<h2 class=\"wp-block-heading\">\u00das no autoritzat<\/h2>\n\n\n\n<p>En el cas que apliqui (per a la venda de programari, plantilles o altres productes de disseny i programaci\u00f3) vost\u00e8 no pot col\u00b7locar un dels nostres productes modificat o sense modificar, en un CD, lloc web o cap altre mitj\u00e0 i oferir-lo per a la redistribuci\u00f3 o la revenda de cap mena.<\/p>\n\n\n\n<h2 class=\"wp-block-heading\">Propietat<\/h2>\n\n\n\n<p>Vost\u00e8 no pot declarar propietat intel\u00b7lectual o exclusiva a cap dels nostres productes, modificat o sense modificar. Tots els productes s\u00f3n propietat dels prove\u00efdors de contingut. En cas que no s\u2019indiqui el contrari, els nostres productes es proporcionen sense cap termini de garantia expressa o impl\u00edcita. En cap cas la nostra empresa es far\u00e0 responsable de cap dany derivat d\u2019un \u00fas incorrecte o improcedent dels nostres productes.<\/p>\n\n\n\n<h2 class=\"wp-block-heading\">Pol\u00edtica de Reemborsaments<\/h2>\n\n\n\n<p>Com a norma general, no es fan reemborsaments dels productes un cop lliurats els mateixos. Els detalls que s\u2019ofereixen s\u00f3n suficientment descriptius perqu\u00e8 el client entengui all\u00f2 que est\u00e0 adquirint. Fem nom\u00e9s excepci\u00f3 quan, per algun error, el producte no s\u2019ajusta a la descripci\u00f3.<\/p>\n\n\n\n<p>No obstant, una comanda podr\u00e0 ser anul\u00b7lada fins a 24 hores abans del lliurament. En aquest cas es reemborsar\u00e0 la totalitat de l\u2019import sempre i quan no es tracti d\u2019un producte l\u2019elaboraci\u00f3 del qual no se n\u2019hagi comen\u00e7at l\u2019elaboraci\u00f3. En aquest cas, es retindr\u00e0 el 40% de l\u2019import pel perjudici ocasionat.<\/p>\n\n\n\n<h2 class=\"wp-block-heading\">Comprobaci\u00f3 antifrau<\/h2>\n\n\n\n<p>La compra del client pot ser ajornada per a la comprovaci\u00f3 antifrau. Tamb\u00e9 pot ser suspesa si es requereix una investigaci\u00f3 m\u00e9s rigorosa, a fi d\u2019evitar transaccions fraudulentes.<\/p>\n\n\n\n<h2 class=\"wp-block-heading\">Privacitat<\/h2>\n\n\n\n<p>DAVID BRESC\u00d3 ZAMORA, propietari de D TAST PASTISSERIA garanteix que la informaci\u00f3 personal que vost\u00e8 envia compta amb la seguretat necess\u00e0ria. Les dades informades no seran lliurades a tercers, excepte quan es requereixin mitjan\u00e7ant ordre judicial. No obstant, s\u2019informar\u00e0 a les empreses de transport de les dades estrictament necess\u00e0ries per a poder fer l\u2019entrega dels productes.<\/p>\n\n\n\n<p>La propietat del lloc es reserva el dret de modificar aquests termes i condicions sense av\u00eds previ.<\/p>","protected":false},"excerpt":{"rendered":"<p>Informaci\u00f3n relevante Es requisito necesario para la adquisici\u00f3n de los productos que se ofrecen en este sitio, que lea y acepte los siguientes T\u00e9rminos y Condiciones que se detallan. El uso de nuestros servicios as\u00ed como la compra de nuestros productos implica que usted ha le\u00eddo y aceptado los T\u00e9rminos y Condiciones del presente documento. [&hellip;]<\/p>\n","protected":false},"author":1,"featured_media":0,"parent":0,"menu_order":0,"comment_status":"closed","ping_status":"closed","template":"","meta":{"footnotes":""},"class_list":["post-35","page","type-page","status-publish","hentry"],"jetpack_sharing_enabled":true,"_links":{"self":[{"href":"https:\/\/dtastpastisseria.com\/ca\/wp-json\/wp\/v2\/pages\/35","targetHints":{"allow":["GET"]}}],"collection":[{"href":"https:\/\/dtastpastisseria.com\/ca\/wp-json\/wp\/v2\/pages"}],"about":[{"href":"https:\/\/dtastpastisseria.com\/ca\/wp-json\/wp\/v2\/types\/page"}],"author":[{"embeddable":true,"href":"https:\/\/dtastpastisseria.com\/ca\/wp-json\/wp\/v2\/users\/1"}],"replies":[{"embeddable":true,"href":"https:\/\/dtastpastisseria.com\/ca\/wp-json\/wp\/v2\/comments?post=35"}],"version-history":[{"count":2,"href":"https:\/\/dtastpastisseria.com\/ca\/wp-json\/wp\/v2\/pages\/35\/revisions"}],"predecessor-version":[{"id":420,"href":"https:\/\/dtastpastisseria.com\/ca\/wp-json\/wp\/v2\/pages\/35\/revisions\/420"}],"wp:attachment":[{"href":"https:\/\/dtastpastisseria.com\/ca\/wp-json\/wp\/v2\/media?parent=35"}],"curies":[{"name":"wp","href":"https:\/\/api.w.org\/{rel}","templated":true}]}}