{"id":37,"date":"2024-03-12T13:51:41","date_gmt":"2024-03-12T13:51:41","guid":{"rendered":"http:\/\/dtast.apanymantel.es\/?page_id=37"},"modified":"2024-03-15T13:14:58","modified_gmt":"2024-03-15T13:14:58","slug":"politicas-de-privacidad-y-cookies","status":"publish","type":"page","link":"https:\/\/dtastpastisseria.com\/ca\/politicas-de-privacidad-y-cookies\/","title":{"rendered":"Pol\u00edticas de privacidad y Cookies"},"content":{"rendered":"<p>DAVID BRESC\u00d3 ZAMORA, com a responsable de D TAST PASTISSERIA, estableix, mitjan\u00e7ant el present document, els termes en els que es fa servir i protegeix la informaci\u00f3 que \u00e9s proporcionada pels seus usuaris en el moment d\u2019utilitzar el seu web (dtastpastisseria.com). Aquesta empresa est\u00e0 compromesa amb la seguretat de les dades dels seus usuaris. Quan li demanem emplenar els camps d\u2019informaci\u00f3 personal amb la que vost\u00e8 pot ser identificat o identificada, ho fem garantint que es far\u00e0 servir \u00fanica i exclusivament d\u2019acord amb els termes d\u2019aquest document.<\/p>\n\n\n\n<h3 class=\"wp-block-heading\">Informaci\u00f3 recollida<\/h3>\n\n\n\n<p>El nostre lloc web podr\u00e0 recollir informaci\u00f3 personal que vost\u00e8 ens faciliti com ara nom, adre\u00e7a electr\u00f2nica, adre\u00e7a del domicili o tel\u00e8fon. Igualment, quan sigui necessari, podr\u00e0 ser requerida informaci\u00f3 espec\u00edfica per processar alguna comanda o dur a terme un lliurament o facturaci\u00f3.<\/p>\n\n\n\n<h3 class=\"wp-block-heading\">\u00das de la informaci\u00f3 recollida<\/h3>\n\n\n\n<p>El nostre lloc web utilitza la informaci\u00f3 amb la finalitat de proporcionar el millor servei possible, particularment per mantenir un registre d\u2019usuaris i de comandes, i millorar els nostres productes i serveis. \u00c9s possible que es trametin correus electr\u00f2nics peri\u00f2dicament mitjan\u00e7ant el nostre lloc amb ofertes especials, nous productes o altra informaci\u00f3 publicit\u00e0ria que considerem rellevant per a vost\u00e8 o que pugui oferir-li algun benefici. Aquests correus electr\u00f2nics seran enviats a l\u2019adre\u00e7a que vost\u00e8 ens proporcioni i podran \u00e9sser cancel\u00b7lats en qualsevol moment.<\/p>\n\n\n\n<p>Aquesta empresa es compromet a complir amb el comprom\u00eds de mantenir la seva informaci\u00f3 segura. Utilitzem els Mitjans m\u00e9s avan\u00e7ats i els actualitzem constantment a fi que no existeixi cap acc\u00e9s no autoritzat.<\/p>\n\n\n\n<h2 class=\"wp-block-heading\">Pol\u00edtica de galetes<\/h2>\n\n\n\n<p>Una galeta o cookie \u00e9s un fitxer que s\u2019envia amb la finalitat de sol\u00b7licitar perm\u00eds per a emmagatzemar-se en el seu ordinador. En acceptar, es crea aquest fitxer i la cookie serveix per tenir informaci\u00f3 relativa al tr\u00e0nsit web, i tamb\u00e9 facilita les futures visites a un web recurrent. Una altra funci\u00f3 que tenen les cookies \u00e9s que amb elles el web pot recon\u00e8ixer-te individualment i oferir-te un millor servei personalitzat del web.<\/p>\n\n\n\n<p>El nostre lloc web empra les cookies per poder identificar les p\u00e0gines que s\u00f3n visitades i la seva freq\u00fc\u00e8ncia. Aquesta informaci\u00f3 \u00e9s emprada exclusivament per a an\u00e0lisis estad\u00edstiques i despr\u00e9s la informaci\u00f3 \u00e9s eliminada de forma permanent. Vost\u00e8 pot eliminar les cookies en qualsevol moment des del seu ordinador. No obstant, les cookies ajuden a proporcionar un millor servei del llocs web. Aquestes no donen informaci\u00f3 ni del seu ordinador ni de vost\u00e8, a no ser que vost\u00e8 aix\u00ed ho requereixi i la proporcioni directament. Vost\u00e8 pot acceptar o negar l\u2019\u00fas de cookies, encara que la majoria de navegadors accepten cookies autom\u00e0ticament doncs serveix per tenir un millor servei web. Tamb\u00e9 vost\u00e8 pot canviar la configuraci\u00f3 del seu ordinador per rebutjar les cookies. Si es rebutgen, \u00e9s possible que no es puguin fer servir alguns dels nostres serveis.<\/p>\n\n\n\n<h3 class=\"wp-block-heading\">Enlla\u00e7os a tercers<\/h3>\n\n\n\n<p>Aquest lloc web podria contenir enlla\u00e7os a altres llocs que podrien ser del seu inter\u00e8s. Un cop que vost\u00e8 faci clic en aquests enlla\u00e7os i abandoni el nostre lloc web, ja no tenim control sobre el lloc al que \u00e9s redirigit i, per tant, no som responsables tels termes o privacitat ni de la protecci\u00f3 de les seves dades en aquests llocs de tercers. Aquests llocs estan subjectes a les seves pr\u00f2pies pol\u00edtiques de privacitat per la qual cosa \u00e9s recomanable que les consulti per confirmar que vost\u00e8 hi est\u00e0 d\u2019acord.<\/p>\n\n\n\n<h3 class=\"wp-block-heading\">Control de la seva informaci\u00f3 personal<\/h3>\n\n\n\n<p>En qualsevol moment vost\u00e8 pot restringir la recopilaci\u00f3 o l\u2019\u00fas de la informaci\u00f3 personal que \u00e9s proporcionada al nostre lloc web.<\/p>\n\n\n\n<p>Aquesta empresa no vendr\u00e0, cedir\u00e0 ni distribuir\u00e0 la informaci\u00f3 personal que \u00e9s recopilada sense el seu consentiment, excepte quan sigui requerida per ordre judicial. Nom\u00e9s seran cedides les dades de contacte imprescindibles a les empreses de transport per poder realitzar els enviaments.<\/p>\n\n\n\n<p>Respecte a les dades facilitades, vost\u00e8 t\u00e9 dret a:<\/p>\n\n\n\n<ul class=\"wp-block-list\">\n<li>Sol\u00b7licitar l\u2019acc\u00e9s a les seves dades personals.<\/li>\n\n\n\n<li>Sol\u00b7licitar la rectificaci\u00f3 de les seves dades<\/li>\n\n\n\n<li>Sol\u00b7licitar la supressi\u00f3 o eliminaci\u00f3 de les seves dades.<\/li>\n\n\n\n<li>Limitar u oposar l\u2019\u00fas que donem a les seves dades.<\/li>\n\n\n\n<li>Retirar el seu consentiment en qualsevol moment.<\/li>\n\n\n\n<li>Presentar una reclamaci\u00f3 en mat\u00e8ria de protecci\u00f3 de dades davant l\u2019autoritat de control: Ag\u00e8ncia Espanyola de Protecci\u00f3 de Dades.<\/li>\n<\/ul>\n\n\n\n<p>Per a l\u2019exercici dels seus drets d\u2019acc\u00e9s, rectificaci\u00f3, supressi\u00f3, limitaci\u00f3 u oposici\u00f3 i retirada del seu consentiment, pot fer-ho:<\/p>\n\n\n\n<p>Presencialment a D TAST PASTISSERIA, carrer Mart\u00ed Juli\u00e0, 50 08903 L\u2019Hospitalet de Llobregat<\/p>\n\n\n\n<p>Per correu electr\u00f2nic a: datastpastisseria@gmail.com<\/p>\n\n\n\n<p>L\u2019acceptaci\u00f3 d\u2019aquest document indica que vost\u00e8 ent\u00e9n i accepta totes les cl\u00e0usules de la nostra pol\u00edtica de privacitat.<\/p>","protected":false},"excerpt":{"rendered":"<p>DAVID BRESC\u00d3 ZAMORA, como responsable de D TAST PASTISSERIA, establece, mediante el presente documento, los t\u00e9rminos en los que se utiliza y protege la informaci\u00f3n que es proporcionada por sus usuarios en el momento de utilizar su web (dtastpastisseria.com ). Esta empresa est\u00e1 comprometida con la seguridad de los datos de sus usuarios. Cuando le [&hellip;]<\/p>\n","protected":false},"author":1,"featured_media":0,"parent":0,"menu_order":0,"comment_status":"closed","ping_status":"closed","template":"","meta":{"footnotes":""},"class_list":["post-37","page","type-page","status-publish","hentry"],"jetpack_sharing_enabled":true,"_links":{"self":[{"href":"https:\/\/dtastpastisseria.com\/ca\/wp-json\/wp\/v2\/pages\/37","targetHints":{"allow":["GET"]}}],"collection":[{"href":"https:\/\/dtastpastisseria.com\/ca\/wp-json\/wp\/v2\/pages"}],"about":[{"href":"https:\/\/dtastpastisseria.com\/ca\/wp-json\/wp\/v2\/types\/page"}],"author":[{"embeddable":true,"href":"https:\/\/dtastpastisseria.com\/ca\/wp-json\/wp\/v2\/users\/1"}],"replies":[{"embeddable":true,"href":"https:\/\/dtastpastisseria.com\/ca\/wp-json\/wp\/v2\/comments?post=37"}],"version-history":[{"count":2,"href":"https:\/\/dtastpastisseria.com\/ca\/wp-json\/wp\/v2\/pages\/37\/revisions"}],"predecessor-version":[{"id":421,"href":"https:\/\/dtastpastisseria.com\/ca\/wp-json\/wp\/v2\/pages\/37\/revisions\/421"}],"wp:attachment":[{"href":"https:\/\/dtastpastisseria.com\/ca\/wp-json\/wp\/v2\/media?parent=37"}],"curies":[{"name":"wp","href":"https:\/\/api.w.org\/{rel}","templated":true}]}}